{"id":28,"date":"2023-07-14T11:08:31","date_gmt":"2023-07-14T03:08:31","guid":{"rendered":"https:\/\/charcoal-machine.com\/?page_id=28"},"modified":"2023-07-20T11:42:15","modified_gmt":"2023-07-20T03:42:15","slug":"about-us","status":"publish","type":"page","link":"https:\/\/charcoal-machine.com\/tr\/about-us\/","title":{"rendered":"Hakk\u0131m\u0131zda"},"content":{"rendered":"<p>Shuliy Machinery'nin resmi web sitesine ho\u015f geldiniz! Profesyonel bir k\u00f6m\u00fcr ve ah\u015fap geri d\u00f6n\u00fc\u015f\u00fcm ekipman\u0131 tedarik\u00e7isi olarak, ekipman \u00fcretimi ve ihracat\u0131 konusunda zengin deneyime sahibiz. Profesyonel k\u00f6m\u00fcr \u00fcretim hatlar\u0131 ve destekleyici ekipmanlar her t\u00fcrl\u00fc ah\u015fap, tala\u015f, pirin\u00e7 kabu\u011fu, yer f\u0131st\u0131\u011f\u0131 kabu\u011fu vb.'yi tamamen yeniden kullanabilir. \u00dcretilen k\u00f6m\u00fcr, g\u00fcnl\u00fck \u0131s\u0131tmada, fabrika enerji \u00fcretiminde, yak\u0131tta vb. yayg\u0131n olarak kullan\u0131labilir.<\/p>    <h2 class=\"wp-block-heading\">Ana \u00dcr\u00fcnler<\/h2>    <p>Shuliy Machinery'nin \u00fcr\u00fcn yelpazesi, k\u00f6m\u00fcr makinesi \u00fcretim s\u00fcrecinin t\u00fcm y\u00f6nlerini kapsamaktad\u0131r. Ana \u00fcr\u00fcnlerimiz aras\u0131nda ah\u015fap geri d\u00f6n\u00fc\u015f\u00fcm makineleri, k\u00f6m\u00fcr briket yapma makineleri ve karbonizasyon f\u0131r\u0131nlar\u0131 bulunmaktad\u0131r. Ve bu makineler odun k\u00f6m\u00fcr\u00fc ve odun geri d\u00f6n\u00fc\u015f\u00fcm hatlar\u0131na birle\u015ftirilebilir.<\/p>    <h2 class=\"wp-block-heading\">\u00c7e\u015fitli bitmi\u015f \u00fcr\u00fcnlerin sergilenmesi<\/h2>    <p>Bu bitmi\u015f \u00fcr\u00fcnler geni\u015f bir uygulama yelpazesine sahiptir ve m\u00fc\u015fterilerimizin kaynaklar\u0131 yeniden kullanmalar\u0131na ve karlar\u0131n\u0131 art\u0131rmalar\u0131na yard\u0131mc\u0131 olabilir. Yap\u0131lan k\u00f6m\u00fcr briketleri \u0131s\u0131 enerjisi sa\u011flamak i\u00e7in veya elektrik \u00fcretmek i\u00e7in yak\u0131t olarak kullan\u0131labilir. Lojistik ve hayvan yataklar\u0131nda ah\u015fap paletler, bloklar ve tala\u015flar kullan\u0131labilir.<\/p>    <h2 class=\"wp-block-heading\">Ba\u015far\u0131lar ve sertifikalar<\/h2>    <p>Shuliy Machinery, \u00fcst\u00fcn kalitesi ve m\u00fckemmel hizmetiyle sekt\u00f6r\u00fcn takdirini kazand\u0131. \u015eu anda \u015firketimiz, tutarl\u0131 \u00e7abalar\u0131m\u0131z\u0131n ve kararl\u0131l\u0131\u011f\u0131m\u0131z\u0131n bir g\u00f6stergesi olan bir\u00e7ok onursal sertifikaya lay\u0131k g\u00f6r\u00fclm\u00fc\u015ft\u00fcr. M\u00fc\u015fterilerimize en iyi \u00fcr\u00fcn ve \u00e7\u00f6z\u00fcmleri sunmak i\u00e7in kaliteli \u00fcr\u00fcn ve hizmetler sunmaya devam edece\u011fiz.<\/p>    <h2 class=\"wp-block-heading\">K\u00fcresel M\u00fc\u015fteriler<\/h2>    <p>Shuliy Machinery'nin \u00fcr\u00fcnleri t\u00fcm d\u00fcnyada sat\u0131l\u0131yor ve d\u00fcnyan\u0131n her yerindeki m\u00fc\u015fterilerle uzun vadeli i\u015fbirli\u011fine dayal\u0131 ili\u015fkiler kurduk. M\u00fc\u015fterilerimiz, k\u00f6m\u00fcr \u00fcreticileri, \u00e7evre koruma \u015firketleri, tar\u0131msal at\u0131k ar\u0131tma tesisleri vb. dahil olmak \u00fczere farkl\u0131 sekt\u00f6rlerden ve alanlardan gelmektedir. M\u00fc\u015fterilerimizle olan ortakl\u0131\u011f\u0131m\u0131za de\u011fer veriyor, her zaman onlar\u0131n ihtiya\u00e7lar\u0131na odaklan\u0131yor ve onlara \u00f6zel \u00e7\u00f6z\u00fcmler sunuyoruz.<\/p>    <h2 class=\"wp-block-heading\">\u00d6zelle\u015ftirilmi\u015f hizmetler<\/h2>    <p class=\"translation-block\">\u0130htiya\u00e7lar\u0131n\u0131za uygun do\u011fru \u00fcretim hatt\u0131n\u0131 \u00f6nerece\u011fiz. T\u00fcm \u00fcretim hatt\u0131 e\u015fle\u015ftirmeleri esnek ve \u00f6zelle\u015ftirilebilir. \u00dcretim hatlar\u0131m\u0131z \u015funlar\u0131 i\u00e7erir:<br><strong>Odun k\u00f6m\u00fcr\u00fc \u00fcretimi:<\/strong> odun k\u00f6m\u00fcr\u00fc \u00fcretim hatt\u0131, nargile k\u00f6m\u00fcr\u00fc \u00fcretim hatt\u0131, mangal k\u00f6m\u00fcr\u00fc i\u015fleme tesisi, petek k\u00f6m\u00fcr \u00fcretim hatt\u0131.<br><strong>Ah\u015fap kategorisi:<\/strong> ah\u015fap palet \u00fcretim hatt\u0131, mat blok \u00fcretim hatt\u0131, ah\u015fap k\u0131rma hatt\u0131, ah\u015fap dilimleme hatt\u0131.<br>\u00d6zelle\u015ftirilmi\u015f makine e\u015fle\u015ftirmesi sa\u011flaman\u0131n yan\u0131 s\u0131ra, ayr\u0131ca tesis yerle\u015fim tasar\u0131m\u0131, ekipman montaj yerle\u015fim tasar\u0131m\u0131 ve montaj hizmeti gibi hizmetler de sa\u011fl\u0131yoruz.<\/p>    <p>Shuliy, istedi\u011finiz zaman dan\u0131\u015fman\u0131z\u0131 memnuniyetle kar\u015f\u0131l\u0131yor!<\/p>","protected":false},"excerpt":{"rendered":"<p>Shuliy Machinery'nin resmi web sitesine ho\u015f geldiniz!<\/p>","protected":false},"author":1,"featured_media":0,"parent":0,"menu_order":0,"comment_status":"closed","ping_status":"closed","template":"","meta":{"footnotes":""},"class_list":["post-28","page","type-page","status-publish","hentry"],"_links":{"self":[{"href":"https:\/\/charcoal-machine.com\/tr\/wp-json\/wp\/v2\/pages\/28","targetHints":{"allow":["GET"]}}],"collection":[{"href":"https:\/\/charcoal-machine.com\/tr\/wp-json\/wp\/v2\/pages"}],"about":[{"href":"https:\/\/charcoal-machine.com\/tr\/wp-json\/wp\/v2\/types\/page"}],"author":[{"embeddable":true,"href":"https:\/\/charcoal-machine.com\/tr\/wp-json\/wp\/v2\/users\/1"}],"replies":[{"embeddable":true,"href":"https:\/\/charcoal-machine.com\/tr\/wp-json\/wp\/v2\/comments?post=28"}],"version-history":[{"count":0,"href":"https:\/\/charcoal-machine.com\/tr\/wp-json\/wp\/v2\/pages\/28\/revisions"}],"wp:attachment":[{"href":"https:\/\/charcoal-machine.com\/tr\/wp-json\/wp\/v2\/media?parent=28"}],"curies":[{"name":"wp","href":"https:\/\/api.w.org\/{rel}","templated":true}]}}