{"id":28,"date":"2023-07-14T11:08:31","date_gmt":"2023-07-14T03:08:31","guid":{"rendered":"https:\/\/charcoal-machine.com\/?page_id=28"},"modified":"2023-07-20T11:42:15","modified_gmt":"2023-07-20T03:42:15","slug":"about-us","status":"publish","type":"page","link":"https:\/\/charcoal-machine.com\/sw\/about-us\/","title":{"rendered":"Kuhusu sisi"},"content":{"rendered":"<p>Karibu kwenye tovuti rasmi ya Shuliy Machinery! Kama wasambazaji wa kitaalamu wa vifaa vya kuchakata mkaa na kuni, tumekusanya uzoefu mzuri katika utengenezaji na usafirishaji wa vifaa. Laini za kitaalamu za uzalishaji wa mkaa na vifaa vya kusaidia vinaweza kutumia tena kila aina ya mbao, vumbi la mbao, maganda ya mpunga, maganda ya karanga, na kadhalika. Mkaa uliotengenezwa unaweza kutumika sana katika upashaji joto wetu wa kila siku, uzalishaji wa nguvu wa kiwanda, mafuta, nk.<\/p>    <h2 class=\"wp-block-heading\">Bidhaa Kuu<\/h2>    <p>Laini ya bidhaa ya Shuliy Machinery inashughulikia vipengele vyote vya mchakato wa uzalishaji wa mashine ya mkaa. Na bidhaa zetu kuu ni pamoja na mashine za kuchakata mbao, mashine za kutengeneza briketi za mkaa, na vinu vya kukaza kaboni. Na mashine hizi zinaweza kuunganishwa katika mistari ya kuchakata mkaa na kuni.<\/p>    <h2 class=\"wp-block-heading\">Maonyesho ya bidhaa mbalimbali za kumaliza<\/h2>    <p>Bidhaa hizi zilizokamilika zina programu mbalimbali na zinaweza kuwasaidia wateja wetu kutumia tena rasilimali na kuongeza faida. Briketi za mkaa zilizotengenezwa zinaweza kutumika kutoa nishati ya joto au kama mafuta ya kuzalisha umeme. Pallets za mbao, vitalu, na shavings zinaweza kutumika katika vifaa na matandiko ya wanyama.<\/p>    <h2 class=\"wp-block-heading\">Heshima na vyeti<\/h2>    <p>Shuliy Machinery imeshinda kutambuliwa kwa sekta hiyo kwa ubora wake bora na huduma bora. Hivi sasa, kampuni yetu imetunukiwa vyeti kadhaa vya heshima, ambavyo ni utambuzi wa juhudi zetu thabiti na kujitolea. Tutaendelea kujitahidi kutoa bidhaa na huduma bora ili kutoa bidhaa bora na suluhisho kwa wateja wetu.<\/p>    <h2 class=\"wp-block-heading\">Wateja wa Kimataifa<\/h2>    <p>Bidhaa za Mashine za Shuliy zinauzwa kote ulimwenguni, na tumeanzisha uhusiano wa ushirika wa muda mrefu na wateja kote ulimwenguni. Wateja wetu wanatoka katika viwanda na nyanja mbalimbali, ikiwa ni pamoja na wazalishaji wa mkaa, makampuni ya ulinzi wa mazingira, viwanda vya kutibu taka za kilimo, na kadhalika. Tunathamini ushirikiano na wateja wetu na daima tunazingatia mahitaji yao na kuwapa ufumbuzi maalum.<\/p>    <h2 class=\"wp-block-heading\">Huduma zilizobinafsishwa<\/h2>    <p class=\"translation-block\">Vi kommer att rekommendera r\u00e4tt produktionslinje f\u00f6r dina specifika behov. Alla kombinationer av produktionslinjer \u00e4r flexibla och anpassningsbara. V\u00e5ra produktionslinjer inkluderar:<br><strong>Kolproduktion:<\/strong> kolproduktionslinje, shisha kolproduktionslinje, bbq kolbearbetningsanl\u00e4ggning, honungskolproduktionslinje.<br><strong>Tr\u00e4 kategori:<\/strong> tr\u00e4pallproduktionslinje, matblockproduktionslinje, tr\u00e4krosslinje, tr\u00e4klippningslinje.<br>F\u00f6rutom att tillhandah\u00e5lla anpassad maskinmatchning erbjuder vi ocks\u00e5 anl\u00e4ggningslayoutdesign, utrustningsinstallationslayoutdesign och installationsservice, etc.<\/p>    <p>Shuliy anakukaribisha kushauriana wakati wowote!<\/p>","protected":false},"excerpt":{"rendered":"<p>Karibu kwenye tovuti rasmi ya Shuliy Machinery!<\/p>","protected":false},"author":1,"featured_media":0,"parent":0,"menu_order":0,"comment_status":"closed","ping_status":"closed","template":"","meta":{"footnotes":""},"class_list":["post-28","page","type-page","status-publish","hentry"],"_links":{"self":[{"href":"https:\/\/charcoal-machine.com\/sw\/wp-json\/wp\/v2\/pages\/28","targetHints":{"allow":["GET"]}}],"collection":[{"href":"https:\/\/charcoal-machine.com\/sw\/wp-json\/wp\/v2\/pages"}],"about":[{"href":"https:\/\/charcoal-machine.com\/sw\/wp-json\/wp\/v2\/types\/page"}],"author":[{"embeddable":true,"href":"https:\/\/charcoal-machine.com\/sw\/wp-json\/wp\/v2\/users\/1"}],"replies":[{"embeddable":true,"href":"https:\/\/charcoal-machine.com\/sw\/wp-json\/wp\/v2\/comments?post=28"}],"version-history":[{"count":0,"href":"https:\/\/charcoal-machine.com\/sw\/wp-json\/wp\/v2\/pages\/28\/revisions"}],"wp:attachment":[{"href":"https:\/\/charcoal-machine.com\/sw\/wp-json\/wp\/v2\/media?parent=28"}],"curies":[{"name":"wp","href":"https:\/\/api.w.org\/{rel}","templated":true}]}}