{"id":26,"date":"2023-07-14T11:08:18","date_gmt":"2023-07-14T03:08:18","guid":{"rendered":"https:\/\/charcoal-machine.com\/?page_id=26"},"modified":"2025-08-01T09:52:15","modified_gmt":"2025-08-01T01:52:15","slug":"contact-us","status":"publish","type":"page","link":"https:\/\/charcoal-machine.com\/sw\/contact-us\/","title":{"rendered":"Wasiliana nasi"},"content":{"rendered":"<h2 class=\"wp-block-heading\">Shuliy v\u00e4lkomnar dig att konsultera n\u00e4r som helst!<\/h2>    <p><\/p>    <div class=\"wp-block-media-text alignwide is-stacked-on-mobile\"><figure class=\"wp-block-media-text__media\"><img loading=\"lazy\" decoding=\"async\" width=\"500\" height=\"333\" src=\"https:\/\/charcoal-machine.com\/wp-content\/uploads\/2023\/07\/coconut-shell-charcoal-briquettes-hexagonal-shape-493.jpg\" alt=\"\" class=\"wp-image-59 size-full\" srcset=\"https:\/\/charcoal-machine.com\/wp-content\/uploads\/2023\/07\/coconut-shell-charcoal-briquettes-hexagonal-shape-493.jpg 500w, https:\/\/charcoal-machine.com\/wp-content\/uploads\/2023\/07\/coconut-shell-charcoal-briquettes-hexagonal-shape-493-300x200.jpg 300w\" sizes=\"auto, (max-width: 500px) 100vw, 500px\" \/><\/figure><div class=\"wp-block-media-text__content\"> <p>Barua pepe: info@charcoal-machine.com<\/p>    <p>WhatsApp\/Tel\/WeChat: +86-17703863868<\/p>    <p>Adress: Zhengshang Jingkai-torget \u00d6stra Hanghai-v\u00e4gen, ETDZ, Zhengzhou, Henan, Kina<\/p> <\/div><\/div>","protected":false},"excerpt":{"rendered":"<p>Shuliy v\u00e4lkomnar dig att r\u00e5dg\u00f6ra n\u00e4r som helst! E-post: info@charcoal-machine.com WhatsApp\/Tel\/WeChat: +86-17703863868 Adress: Zhengshang Jingkai Square East Hanghai Road, ETDZ, Zhengzhou, Henan, Kina<\/p>","protected":false},"author":1,"featured_media":0,"parent":0,"menu_order":0,"comment_status":"closed","ping_status":"closed","template":"","meta":{"footnotes":""},"class_list":["post-26","page","type-page","status-publish","hentry"],"_links":{"self":[{"href":"https:\/\/charcoal-machine.com\/sw\/wp-json\/wp\/v2\/pages\/26","targetHints":{"allow":["GET"]}}],"collection":[{"href":"https:\/\/charcoal-machine.com\/sw\/wp-json\/wp\/v2\/pages"}],"about":[{"href":"https:\/\/charcoal-machine.com\/sw\/wp-json\/wp\/v2\/types\/page"}],"author":[{"embeddable":true,"href":"https:\/\/charcoal-machine.com\/sw\/wp-json\/wp\/v2\/users\/1"}],"replies":[{"embeddable":true,"href":"https:\/\/charcoal-machine.com\/sw\/wp-json\/wp\/v2\/comments?post=26"}],"version-history":[{"count":0,"href":"https:\/\/charcoal-machine.com\/sw\/wp-json\/wp\/v2\/pages\/26\/revisions"}],"wp:attachment":[{"href":"https:\/\/charcoal-machine.com\/sw\/wp-json\/wp\/v2\/media?parent=26"}],"curies":[{"name":"wp","href":"https:\/\/api.w.org\/{rel}","templated":true}]}}