{"id":28,"date":"2023-07-14T11:08:31","date_gmt":"2023-07-14T03:08:31","guid":{"rendered":"https:\/\/charcoal-machine.com\/?page_id=28"},"modified":"2023-07-20T11:42:15","modified_gmt":"2023-07-20T03:42:15","slug":"about-us","status":"publish","type":"page","link":"https:\/\/charcoal-machine.com\/pt\/about-us\/","title":{"rendered":"Sobre n\u00f3s"},"content":{"rendered":"<p>Bem-vindo ao site oficial da Shuliy Machinery! Como fornecedor profissional de equipamentos para reciclagem de carv\u00e3o e madeira, acumulamos uma vasta experi\u00eancia na fabrica\u00e7\u00e3o e exporta\u00e7\u00e3o de equipamentos. Linhas profissionais de produ\u00e7\u00e3o de carv\u00e3o vegetal e equipamentos de suporte podem reutilizar totalmente todos os tipos de madeira, serragem, casca de arroz, casca de amendoim e assim por diante. O carv\u00e3o produzido pode ser amplamente utilizado em nosso aquecimento di\u00e1rio, gera\u00e7\u00e3o de energia de f\u00e1brica, combust\u00edvel, etc.<\/p>    <h2 class=\"wp-block-heading\">Principais Produtos<\/h2>    <p>A linha de produtos da Shuliy Machinery cobre todos os aspectos do processo de produ\u00e7\u00e3o da m\u00e1quina de carv\u00e3o vegetal. E nossos principais produtos incluem m\u00e1quinas de reciclagem de madeira, m\u00e1quinas para fabricar briquetes de carv\u00e3o e fornos de carboniza\u00e7\u00e3o. E essas m\u00e1quinas podem ser combinadas em linhas de reciclagem de carv\u00e3o e madeira.<\/p>    <h2 class=\"wp-block-heading\">Exposi\u00e7\u00e3o de v\u00e1rios produtos acabados<\/h2>    <p>Esses produtos acabados t\u00eam uma ampla gama de aplica\u00e7\u00f5es e podem ajudar nossos clientes a reutilizar recursos e aumentar os lucros. Os briquetes de carv\u00e3o fabricados podem ser usados \u200b\u200bpara fornecer energia t\u00e9rmica ou como combust\u00edvel para gerar eletricidade. Paletes, blocos e aparas de madeira podem ser utilizados em log\u00edstica e em camas para animais.<\/p>    <h2 class=\"wp-block-heading\">Honras e certifica\u00e7\u00f5es<\/h2>    <p>Shuliy Machinery ganhou o reconhecimento da ind\u00fastria por sua excelente qualidade e excelente servi\u00e7o. Atualmente, a nossa empresa recebeu v\u00e1rios certificados honor\u00e1rios, que s\u00e3o um reconhecimento dos nossos esfor\u00e7os e compromisso consistentes. Continuaremos nos esfor\u00e7ando para fornecer produtos e servi\u00e7os de qualidade para oferecer os melhores produtos e solu\u00e7\u00f5es aos nossos clientes.<\/p>    <h2 class=\"wp-block-heading\">Clientes globais<\/h2>    <p>Os produtos da Shuliy Machinery s\u00e3o vendidos em todo o mundo e estabelecemos relacionamentos de coopera\u00e7\u00e3o de longo prazo com clientes em todo o mundo. Nossos clientes v\u00eam de diferentes ind\u00fastrias e \u00e1reas, incluindo produtores de carv\u00e3o vegetal, empresas de prote\u00e7\u00e3o ambiental, esta\u00e7\u00f5es de tratamento de res\u00edduos agr\u00edcolas e assim por diante. Valorizamos a parceria com nossos clientes e sempre focamos em suas necessidades e lhes fornecemos solu\u00e7\u00f5es customizadas.<\/p>    <h2 class=\"wp-block-heading\">Servi\u00e7os personalizados<\/h2>    <p class=\"translation-block\">Recomendaremos a linha de produ\u00e7\u00e3o certa para suas necessidades espec\u00edficas. Todas as combina\u00e7\u00f5es de linha de produ\u00e7\u00e3o s\u00e3o flex\u00edveis e personaliz\u00e1veis. Nossas linhas de produ\u00e7\u00e3o incluem:<br><strong>Produ\u00e7\u00e3o de carv\u00e3o:<\/strong> linha de produ\u00e7\u00e3o de carv\u00e3o, linha de produ\u00e7\u00e3o de carv\u00e3o para shisha, planta de processamento de carv\u00e3o para churrasco, linha de produ\u00e7\u00e3o de carv\u00e3o em favo de mel.<br><strong>Categoria de madeira:<\/strong> linha de produ\u00e7\u00e3o de paletes de madeira, linha de produ\u00e7\u00e3o de blocos de tapete, linha de tritura\u00e7\u00e3o de madeira, linha de desdobramento de madeira.<br>Al\u00e9m de fornecer combina\u00e7\u00e3o de m\u00e1quinas personalizadas, tamb\u00e9m fornecemos design de layout de planta, design de layout de instala\u00e7\u00e3o de equipamentos e servi\u00e7o de instala\u00e7\u00e3o, etc.<\/p>    <p>Shuliy convida voc\u00ea a consultar a qualquer momento!<\/p>","protected":false},"excerpt":{"rendered":"<p>Bem-vindo ao site oficial da Shuliy Machinery!<\/p>","protected":false},"author":1,"featured_media":0,"parent":0,"menu_order":0,"comment_status":"closed","ping_status":"closed","template":"","meta":{"footnotes":""},"class_list":["post-28","page","type-page","status-publish","hentry"],"_links":{"self":[{"href":"https:\/\/charcoal-machine.com\/pt\/wp-json\/wp\/v2\/pages\/28","targetHints":{"allow":["GET"]}}],"collection":[{"href":"https:\/\/charcoal-machine.com\/pt\/wp-json\/wp\/v2\/pages"}],"about":[{"href":"https:\/\/charcoal-machine.com\/pt\/wp-json\/wp\/v2\/types\/page"}],"author":[{"embeddable":true,"href":"https:\/\/charcoal-machine.com\/pt\/wp-json\/wp\/v2\/users\/1"}],"replies":[{"embeddable":true,"href":"https:\/\/charcoal-machine.com\/pt\/wp-json\/wp\/v2\/comments?post=28"}],"version-history":[{"count":0,"href":"https:\/\/charcoal-machine.com\/pt\/wp-json\/wp\/v2\/pages\/28\/revisions"}],"wp:attachment":[{"href":"https:\/\/charcoal-machine.com\/pt\/wp-json\/wp\/v2\/media?parent=28"}],"curies":[{"name":"wp","href":"https:\/\/api.w.org\/{rel}","templated":true}]}}