{"id":28,"date":"2023-07-14T11:08:31","date_gmt":"2023-07-14T03:08:31","guid":{"rendered":"https:\/\/charcoal-machine.com\/?page_id=28"},"modified":"2023-07-20T11:42:15","modified_gmt":"2023-07-20T03:42:15","slug":"about-us","status":"publish","type":"page","link":"https:\/\/charcoal-machine.com\/fr\/about-us\/","title":{"rendered":"\u00c0 propos de nous"},"content":{"rendered":"<p>Bienvenue sur le site officiel de Shuliy Machinery\u00a0! En tant que fournisseur professionnel d'\u00e9quipements de recyclage de charbon de bois et de bois, nous avons accumul\u00e9 une riche exp\u00e9rience dans la fabrication et l'exportation d'\u00e9quipements. Les lignes de production professionnelles de charbon de bois et les \u00e9quipements de support peuvent r\u00e9utiliser enti\u00e8rement toutes sortes de bois, sciure de bois, balle de riz, coquilles d'arachide, etc. Le charbon de bois fabriqu\u00e9 peut \u00eatre largement utilis\u00e9 dans notre chauffage quotidien, la production d'\u00e9lectricit\u00e9 en usine, le carburant, etc.<\/p>    <h2 class=\"wp-block-heading\">Principaux produits<\/h2>    <p>La gamme de produits de Shuliy Machinery couvre tous les aspects du processus de production des machines \u00e0 charbon de bois. Et nos principaux produits comprennent des machines de recyclage du bois, des machines de fabrication de briquettes de charbon de bois et des fours de carbonisation. Et ces machines peuvent \u00eatre combin\u00e9es en lignes de recyclage de charbon de bois et de bois.<\/p>    <h2 class=\"wp-block-heading\">Pr\u00e9sentation de divers produits finis<\/h2>    <p>Ces produits finis ont un large \u00e9ventail d'applications et peuvent aider nos clients \u00e0 r\u00e9utiliser les ressources et \u00e0 augmenter leurs profits. Les briquettes de charbon de bois fabriqu\u00e9es peuvent \u00eatre utilis\u00e9es pour fournir de l\u2019\u00e9nergie thermique ou comme combustible pour produire de l\u2019\u00e9lectricit\u00e9. Les palettes, blocs et copeaux de bois peuvent \u00eatre utilis\u00e9s dans la logistique et dans la liti\u00e8re des animaux.<\/p>    <h2 class=\"wp-block-heading\">Honneurs et certifications<\/h2>    <p>Shuliy Machinery a gagn\u00e9 la reconnaissance de l'industrie pour sa qualit\u00e9 exceptionnelle et son excellent service. Actuellement, notre entreprise a re\u00e7u plusieurs certificats honorifiques, qui t\u00e9moignent de nos efforts et de notre engagement constants. Nous continuerons \u00e0 nous efforcer de fournir des produits et services de qualit\u00e9 pour offrir les meilleurs produits et solutions \u00e0 nos clients.<\/p>    <h2 class=\"wp-block-heading\">Clients mondiaux<\/h2>    <p>Les produits de Shuliy Machinery sont vendus dans le monde entier et nous avons \u00e9tabli des relations de coop\u00e9ration \u00e0 long terme avec des clients du monde entier. Nos clients proviennent de diff\u00e9rentes industries et domaines, notamment des producteurs de charbon de bois, des entreprises de protection de l'environnement, des usines de traitement des d\u00e9chets agricoles, etc. Nous valorisons le partenariat avec nos clients et nous concentrons toujours sur leurs besoins et leur fournissons des solutions personnalis\u00e9es.<\/p>    <h2 class=\"wp-block-heading\">Prestations personnalis\u00e9es<\/h2>    <p class=\"translation-block\">Nous vous recommanderons la ligne de production adapt\u00e9e \u00e0 vos besoins sp\u00e9cifiques. Tous les appariements de lignes de production sont flexibles et personnalisables. Nos lignes de production comprennent :<br><strong>Fabrication de charbon :<\/strong> ligne de production de charbon, ligne de production de charbon \u00e0 shisha, usine de transformation de charbon de barbecue, ligne de production de charbon en nid d'abeille.<br><strong>Cat\u00e9gorie bois :<\/strong> ligne de production de palettes en bois, ligne de production de blocs de mat, ligne de broyage du bois, ligne de d\u00e9chiquetage du bois.<br>En plus de fournir des machines personnalis\u00e9es, nous proposons \u00e9galement la conception de l'agencement de l'usine, la conception de l'agencement de l'installation d'\u00e9quipement et des services d'installation, etc.<\/p>    <p>Shuliy vous invite \u00e0 consulter \u00e0 tout moment\u00a0!<\/p>","protected":false},"excerpt":{"rendered":"<p>Bienvenue sur le site officiel de Shuliy Machinery\u00a0!<\/p>","protected":false},"author":1,"featured_media":0,"parent":0,"menu_order":0,"comment_status":"closed","ping_status":"closed","template":"","meta":{"footnotes":""},"class_list":["post-28","page","type-page","status-publish","hentry"],"_links":{"self":[{"href":"https:\/\/charcoal-machine.com\/fr\/wp-json\/wp\/v2\/pages\/28","targetHints":{"allow":["GET"]}}],"collection":[{"href":"https:\/\/charcoal-machine.com\/fr\/wp-json\/wp\/v2\/pages"}],"about":[{"href":"https:\/\/charcoal-machine.com\/fr\/wp-json\/wp\/v2\/types\/page"}],"author":[{"embeddable":true,"href":"https:\/\/charcoal-machine.com\/fr\/wp-json\/wp\/v2\/users\/1"}],"replies":[{"embeddable":true,"href":"https:\/\/charcoal-machine.com\/fr\/wp-json\/wp\/v2\/comments?post=28"}],"version-history":[{"count":0,"href":"https:\/\/charcoal-machine.com\/fr\/wp-json\/wp\/v2\/pages\/28\/revisions"}],"wp:attachment":[{"href":"https:\/\/charcoal-machine.com\/fr\/wp-json\/wp\/v2\/media?parent=28"}],"curies":[{"name":"wp","href":"https:\/\/api.w.org\/{rel}","templated":true}]}}