{"id":28,"date":"2023-07-14T11:08:31","date_gmt":"2023-07-14T03:08:31","guid":{"rendered":"https:\/\/charcoal-machine.com\/?page_id=28"},"modified":"2023-07-20T11:42:15","modified_gmt":"2023-07-20T03:42:15","slug":"about-us","status":"publish","type":"page","link":"https:\/\/charcoal-machine.com\/es\/about-us\/","title":{"rendered":"Sobre nosotros"},"content":{"rendered":"<p>\u00a1Bienvenido al sitio web oficial de Shuliy Machinery! Como proveedor profesional de equipos de reciclaje de carb\u00f3n y madera, hemos acumulado una rica experiencia en la fabricaci\u00f3n y exportaci\u00f3n de equipos. Las l\u00edneas de producci\u00f3n de carb\u00f3n profesional y los equipos de soporte pueden reutilizar completamente todo tipo de madera, aserr\u00edn, c\u00e1scara de arroz, c\u00e1scara de man\u00ed, etc. El carb\u00f3n vegetal elaborado se puede utilizar ampliamente en nuestra calefacci\u00f3n diaria, generaci\u00f3n de energ\u00eda en f\u00e1bricas, combustible, etc.<\/p>    <h2 class=\"wp-block-heading\">Productos principales<\/h2>    <p>La l\u00ednea de productos de Shuliy Machinery cubre todos los aspectos del proceso de producci\u00f3n de m\u00e1quinas de carb\u00f3n. Y nuestros principales productos incluyen m\u00e1quinas de reciclaje de madera, m\u00e1quinas para fabricar briquetas de carb\u00f3n y hornos de carbonizaci\u00f3n. Y estas m\u00e1quinas se pueden combinar en l\u00edneas de reciclaje de carb\u00f3n y madera.<\/p>    <h2 class=\"wp-block-heading\">Exhibici\u00f3n de diversos productos terminados.<\/h2>    <p>Estos productos terminados tienen una amplia gama de aplicaciones y pueden ayudar a nuestros clientes a reutilizar recursos y aumentar las ganancias. Las briquetas de carb\u00f3n fabricadas se pueden utilizar para proporcionar energ\u00eda t\u00e9rmica o como combustible para generar electricidad. Los palets, bloques y virutas de madera se pueden utilizar en log\u00edstica y en lechos para animales.<\/p>    <h2 class=\"wp-block-heading\">Honores y certificaciones<\/h2>    <p>Shuliy Machinery se ha ganado el reconocimiento de la industria por su excelente calidad y excelente servicio. Actualmente, nuestra empresa ha sido galardonada con varios certificados honor\u00edficos, que son un reconocimiento a nuestro constante esfuerzo y compromiso. Continuaremos esforz\u00e1ndonos por brindar productos y servicios de calidad para ofrecer los mejores productos y soluciones a nuestros clientes.<\/p>    <h2 class=\"wp-block-heading\">Clientes globales<\/h2>    <p>Los productos de Shuliy Machinery se venden en todo el mundo y hemos establecido relaciones de cooperaci\u00f3n a largo plazo con clientes de todo el mundo. Nuestros clientes provienen de diferentes industrias y campos, incluidos productores de carb\u00f3n vegetal, empresas de protecci\u00f3n ambiental, plantas de tratamiento de residuos agr\u00edcolas, etc. Valoramos la asociaci\u00f3n con nuestros clientes y siempre nos centramos en sus necesidades y les ofrecemos soluciones personalizadas.<\/p>    <h2 class=\"wp-block-heading\">Servicios personalizados<\/h2>    <p class=\"translation-block\">Recomendaremos la l\u00ednea de producci\u00f3n adecuada para sus necesidades espec\u00edficas. Todas las combinaciones de l\u00edneas de producci\u00f3n son flexibles y personalizables. Nuestras l\u00edneas de producci\u00f3n incluyen:<br><strong>Fabricaci\u00f3n de carb\u00f3n vegetal:<\/strong> l\u00ednea de producci\u00f3n de carb\u00f3n vegetal, l\u00ednea de producci\u00f3n de carb\u00f3n de shisha, planta de procesamiento de carb\u00f3n para barbacoa, l\u00ednea de producci\u00f3n de carb\u00f3n de nido de abeja.<br><strong>Categor\u00eda de madera:<\/strong> l\u00ednea de producci\u00f3n de palets de madera, l\u00ednea de producci\u00f3n de bloques de estera, l\u00ednea de trituraci\u00f3n de madera, l\u00ednea de astillado de madera.<br>Adem\u00e1s de proporcionar maquinaria personalizada, tambi\u00e9n ofrecemos dise\u00f1o de distribuci\u00f3n de plantas, dise\u00f1o de distribuci\u00f3n e instalaci\u00f3n de equipos, etc.<\/p>    <p>\u00a1Shuliy le invita a consultar en cualquier momento!<\/p>","protected":false},"excerpt":{"rendered":"<p>\u00a1Bienvenido al sitio web oficial de Shuliy Machinery!<\/p>","protected":false},"author":1,"featured_media":0,"parent":0,"menu_order":0,"comment_status":"closed","ping_status":"closed","template":"","meta":{"footnotes":""},"class_list":["post-28","page","type-page","status-publish","hentry"],"_links":{"self":[{"href":"https:\/\/charcoal-machine.com\/es\/wp-json\/wp\/v2\/pages\/28","targetHints":{"allow":["GET"]}}],"collection":[{"href":"https:\/\/charcoal-machine.com\/es\/wp-json\/wp\/v2\/pages"}],"about":[{"href":"https:\/\/charcoal-machine.com\/es\/wp-json\/wp\/v2\/types\/page"}],"author":[{"embeddable":true,"href":"https:\/\/charcoal-machine.com\/es\/wp-json\/wp\/v2\/users\/1"}],"replies":[{"embeddable":true,"href":"https:\/\/charcoal-machine.com\/es\/wp-json\/wp\/v2\/comments?post=28"}],"version-history":[{"count":0,"href":"https:\/\/charcoal-machine.com\/es\/wp-json\/wp\/v2\/pages\/28\/revisions"}],"wp:attachment":[{"href":"https:\/\/charcoal-machine.com\/es\/wp-json\/wp\/v2\/media?parent=28"}],"curies":[{"name":"wp","href":"https:\/\/api.w.org\/{rel}","templated":true}]}}