{"id":28,"date":"2023-07-14T11:08:31","date_gmt":"2023-07-14T03:08:31","guid":{"rendered":"https:\/\/charcoal-machine.com\/?page_id=28"},"modified":"2023-07-20T11:42:15","modified_gmt":"2023-07-20T03:42:15","slug":"about-us","status":"publish","type":"page","link":"https:\/\/charcoal-machine.com\/de\/about-us\/","title":{"rendered":"\u00dcber uns"},"content":{"rendered":"<p>Willkommen auf der offiziellen Website von Shuliy Machinery! Als professioneller Lieferant von Holzkohle- und Holzrecyclingger\u00e4ten verf\u00fcgen wir \u00fcber umfangreiche Erfahrung in der Herstellung und im Export von Ger\u00e4ten. Professionelle Holzkohleproduktionslinien und unterst\u00fctzende Ausr\u00fcstung k\u00f6nnen alle Arten von Holz, S\u00e4gemehl, Reisschalen, Erdnussschalen usw. vollst\u00e4ndig wiederverwenden. Die hergestellte Holzkohle kann in gro\u00dfem Umfang f\u00fcr unsere t\u00e4gliche Heizung, Fabrikstromerzeugung, Brennstoff usw. verwendet werden.<\/p>    <h2 class=\"wp-block-heading\">Hauptprodukte<\/h2>    <p>Die Produktlinie von Shuliy Machinery deckt alle Aspekte des Produktionsprozesses von Holzkohlemaschinen ab. Zu unseren Hauptprodukten geh\u00f6ren Holzrecyclingmaschinen, Maschinen zur Herstellung von Holzkohlebriketts und Karbonisierungs\u00f6fen. Und diese Maschinen k\u00f6nnen zu Holzkohle- und Holzrecyclinglinien kombiniert werden.<\/p>    <h2 class=\"wp-block-heading\">Ausstellung verschiedener Fertigprodukte<\/h2>    <p>Diese fertigen Produkte haben ein breites Anwendungsspektrum und k\u00f6nnen unseren Kunden helfen, Ressourcen wiederzuverwenden und Gewinne zu steigern. Die hergestellten Holzkohlebriketts k\u00f6nnen zur Bereitstellung von W\u00e4rmeenergie oder als Brennstoff zur Stromerzeugung verwendet werden. Holzpaletten, -kl\u00f6tze und -sp\u00e4ne k\u00f6nnen in der Logistik und als Tiereinstreu verwendet werden.<\/p>    <h2 class=\"wp-block-heading\">Ehrungen und Zertifizierungen<\/h2>    <p>Shuliy Machinery hat die Anerkennung der Branche f\u00fcr seine herausragende Qualit\u00e4t und seinen exzellenten Service gewonnen. Derzeit wurde unserem Unternehmen mehrere Ehrenurkunden verliehen, die eine Anerkennung unserer konsequenten Bem\u00fchungen und unseres Engagements darstellen. Wir werden weiterhin bestrebt sein, qualitativ hochwertige Produkte und Dienstleistungen bereitzustellen, um unseren Kunden die besten Produkte und L\u00f6sungen bieten zu k\u00f6nnen.<\/p>    <h2 class=\"wp-block-heading\">Globale Kunden<\/h2>    <p>Die Produkte von Shuliy Machinery werden auf der ganzen Welt verkauft und wir haben langfristige Kooperationsbeziehungen mit Kunden auf der ganzen Welt aufgebaut. Unsere Kunden kommen aus verschiedenen Branchen und Bereichen, darunter Holzkohleproduzenten, Umweltschutzunternehmen, landwirtschaftliche Abfallbehandlungsanlagen und so weiter. Wir legen Wert auf die Partnerschaft mit unseren Kunden und stellen stets deren Bed\u00fcrfnisse in den Mittelpunkt und bieten ihnen ma\u00dfgeschneiderte L\u00f6sungen.<\/p>    <h2 class=\"wp-block-heading\">Ma\u00dfgeschneiderte Dienstleistungen<\/h2>    <p class=\"translation-block\">Wir empfehlen die richtige Produktionslinie f\u00fcr Ihre spezifischen Bed\u00fcrfnisse. Alle Produktionslinienkombinationen sind flexibel und anpassbar. Unsere Produktionslinien umfassen:<br><strong>Holzkohleherstellung:<\/strong> Holzkohleproduktionslinie, Shisha-Holzkohleproduktionslinie, BBQ-Holzkohleverarbeitungsanlage, Waben-Kohleproduktionslinie.<br><strong>Holzkategorie:<\/strong> Holzpalettenproduktionslinie, Mattenblockproduktionslinie, Holzzerkleinerungsanlage, Holzschnitzelanlage.<br>Zus\u00e4tzlich zur Bereitstellung von ma\u00dfgeschneiderter Maschinenanpassung bieten wir auch die Planung des Anlagenlayouts, die Planung des Ger\u00e4teinstallationslayouts und Installationsdienstleistungen usw.<\/p>    <p>Shuliy l\u00e4dt Sie jederzeit zu einer Beratung ein!<\/p>","protected":false},"excerpt":{"rendered":"<p>Willkommen auf der offiziellen Website von Shuliy Machinery!<\/p>","protected":false},"author":1,"featured_media":0,"parent":0,"menu_order":0,"comment_status":"closed","ping_status":"closed","template":"","meta":{"footnotes":""},"class_list":["post-28","page","type-page","status-publish","hentry"],"_links":{"self":[{"href":"https:\/\/charcoal-machine.com\/de\/wp-json\/wp\/v2\/pages\/28","targetHints":{"allow":["GET"]}}],"collection":[{"href":"https:\/\/charcoal-machine.com\/de\/wp-json\/wp\/v2\/pages"}],"about":[{"href":"https:\/\/charcoal-machine.com\/de\/wp-json\/wp\/v2\/types\/page"}],"author":[{"embeddable":true,"href":"https:\/\/charcoal-machine.com\/de\/wp-json\/wp\/v2\/users\/1"}],"replies":[{"embeddable":true,"href":"https:\/\/charcoal-machine.com\/de\/wp-json\/wp\/v2\/comments?post=28"}],"version-history":[{"count":0,"href":"https:\/\/charcoal-machine.com\/de\/wp-json\/wp\/v2\/pages\/28\/revisions"}],"wp:attachment":[{"href":"https:\/\/charcoal-machine.com\/de\/wp-json\/wp\/v2\/media?parent=28"}],"curies":[{"name":"wp","href":"https:\/\/api.w.org\/{rel}","templated":true}]}}